{"id":303,"date":"2024-09-20T07:09:47","date_gmt":"2024-09-20T05:09:47","guid":{"rendered":"http:\/\/www.sabine-schrage.de\/?page_id=303"},"modified":"2024-09-21T09:17:36","modified_gmt":"2024-09-21T07:17:36","slug":"konditionen","status":"publish","type":"page","link":"https:\/\/www.sabine-schrage.de\/?page_id=303","title":{"rendered":"Konditionen"},"content":{"rendered":"\n<ul>\n<li>Einzeltermin 60 Minuten: 70 \u20ac<\/li>\n\n\n\n<li>Einzeltermin 90 Minuten: 105 \u20ac<\/li>\n<\/ul>\n\n\n\n<p>Die Preise verstehen sich inkl. Materialkosten.<\/p>\n\n\n\n<p>Ein Vorgespr\u00e4ch von etwa 30 Minuten bei dem wir uns unverbindlich kennenlernen, ist f\u00fcr Sie kostenlos.<\/p>\n\n\n\n<p>Wenn wir uns nicht pers\u00f6nlich treffen k\u00f6nnen, gibt es Online auch M\u00f6glichkeiten.<\/p>\n\n\n\n<p>Bitte melden Sie sich gerne per E-Mail unter info@schragola.de f\u00fcr eine Terminvereinbarung. <\/p>\n","protected":false},"excerpt":{"rendered":"<p>Die Preise verstehen sich inkl. Materialkosten. Ein Vorgespr\u00e4ch von etwa 30 Minuten bei dem wir uns unverbindlich kennenlernen, ist f\u00fcr Sie kostenlos. Wenn wir uns nicht pers\u00f6nlich treffen k\u00f6nnen, gibt es Online auch M\u00f6glichkeiten. Bitte melden Sie sich gerne per E-Mail unter info@schragola.de f\u00fcr eine Terminvereinbarung.<\/p>\n","protected":false},"author":1,"featured_media":0,"parent":0,"menu_order":0,"comment_status":"closed","ping_status":"closed","template":"","meta":[],"_links":{"self":[{"href":"https:\/\/www.sabine-schrage.de\/index.php?rest_route=\/wp\/v2\/pages\/303"}],"collection":[{"href":"https:\/\/www.sabine-schrage.de\/index.php?rest_route=\/wp\/v2\/pages"}],"about":[{"href":"https:\/\/www.sabine-schrage.de\/index.php?rest_route=\/wp\/v2\/types\/page"}],"author":[{"embeddable":true,"href":"https:\/\/www.sabine-schrage.de\/index.php?rest_route=\/wp\/v2\/users\/1"}],"replies":[{"embeddable":true,"href":"https:\/\/www.sabine-schrage.de\/index.php?rest_route=%2Fwp%2Fv2%2Fcomments&post=303"}],"version-history":[{"count":4,"href":"https:\/\/www.sabine-schrage.de\/index.php?rest_route=\/wp\/v2\/pages\/303\/revisions"}],"predecessor-version":[{"id":311,"href":"https:\/\/www.sabine-schrage.de\/index.php?rest_route=\/wp\/v2\/pages\/303\/revisions\/311"}],"wp:attachment":[{"href":"https:\/\/www.sabine-schrage.de\/index.php?rest_route=%2Fwp%2Fv2%2Fmedia&parent=303"}],"curies":[{"name":"wp","href":"https:\/\/api.w.org\/{rel}","templated":true}]}}