{"id":294,"date":"2024-09-19T22:40:00","date_gmt":"2024-09-19T20:40:00","guid":{"rendered":"http:\/\/www.sabine-schrage.de\/?page_id=294"},"modified":"2024-09-19T22:40:00","modified_gmt":"2024-09-19T20:40:00","slug":"ausstellungen-und-projekte","status":"publish","type":"page","link":"https:\/\/www.sabine-schrage.de\/?page_id=294","title":{"rendered":"Ausstellungen und Projekte"},"content":{"rendered":"\n<p class=\"has-h-6-font-size\" style=\"text-transform:uppercase\">Ausstellungen<\/p>\n\n\n\n<p id=\"block-3e0da138-a7f6-439c-844a-6111bf01e5dd\">2022<br>\u2022 schwarzwei\u00df5 | Gruppenausstellung | K49, K\u00f6ln<\/p>\n\n\n\n<p id=\"block-6842ac5f-9e15-476c-b487-e7264f42350d\">2021<br>\u2022 ARTvent | Gruppenausstellung | K49, K\u00f6ln<br>\u2022 schwarzwei\u00df4 | Gruppenausstellung | K49, K\u00f6ln<\/p>\n\n\n\n<p id=\"block-086b47c3-d38d-4d03-8f20-9dddff842df0\">2020<br>\u2022 ARTvent | Gruppenausstellung | K49, K\u00f6ln<\/p>\n\n\n\n<p id=\"block-ec7538ec-d89e-4682-9bcc-0ce84e6659e6\">2017<br>\u2022 ARTvent | Gruppenausstellung | K49, K\u00f6ln<\/p>\n\n\n\n<p id=\"block-48132345-aa9a-4735-9e94-853b750f7693\">2016<br>\u2022 Ber\u00fchrungspunkte | Gruppenausstellung | Anthroposophisches Zentrum Kassel<\/p>\n\n\n\n<p id=\"block-2f6750d6-3835-4d14-84e1-5abaedc7bec3\">\u2022 Kleine Werkschau | K49, K\u00f6ln<\/p>\n\n\n\n<p id=\"block-cb4f2ab8-d92f-4613-9b0e-632033bc3942\">2011<br>\u2022 ansatzweise grau | Malerei | sym.net, K\u00f6ln<\/p>\n\n\n\n<h6 id=\"block-6af4ab76-f6d1-4e51-a1f7-e5d2191c18d0\">Sozialkunstprojekte<\/h6>\n\n\n\n<p id=\"block-e17c6b23-39ca-489e-a2d2-8743bdeb8bcb\">2021<br>\u2022 LINIEN.FL\u00c4CHEN.ONLINE Online-Sozialkunstprojekt, gef\u00f6rdert durch ein K\u00fcnstlerstipendium im Rahmen der NRW-Corona-Hilfen<\/p>\n\n\n\n<p id=\"block-c3c6c387-b772-407b-a8dc-6c1bc6ef1dcc\">2020<br>\u2022 FARBE.LEBEN. Online-Sozialkunstprojekt in Zusammenarbeit mit F. Casale<\/p>\n\n\n\n<p id=\"block-a6928a72-cbd1-4ee6-8fa4-bef3ed242947\">2016<br>\u2022 Wunsch-Punkt | Sozialkunstprojekt in Zusammenarbeit mit F. Casale<\/p>\n\n\n\n<p id=\"block-915ce6f2-c116-433e-9f76-2b4e1d54e4b7\">2013 | 2016<br>\u2022 Naturkunst \u2013 Auf den Spuren von Andy Goldsworthy | Sozialkunstprojekt mit Internet-Blog | Montessorigrundschule Ferdinandstra\u00dfe, K\u00f6ln<\/p>\n","protected":false},"excerpt":{"rendered":"<p>Ausstellungen 2022\u2022 schwarzwei\u00df5 | Gruppenausstellung | K49, K\u00f6ln 2021\u2022 ARTvent | Gruppenausstellung | K49, K\u00f6ln\u2022 schwarzwei\u00df4 | Gruppenausstellung | K49, K\u00f6ln 2020\u2022 ARTvent | Gruppenausstellung | K49, K\u00f6ln 2017\u2022 ARTvent | Gruppenausstellung | K49, K\u00f6ln 2016\u2022 Ber\u00fchrungspunkte | Gruppenausstellung | Anthroposophisches Zentrum Kassel \u2022 Kleine Werkschau | K49, K\u00f6ln 2011\u2022 ansatzweise grau | Malerei |&hellip;<\/p>\n","protected":false},"author":1,"featured_media":0,"parent":0,"menu_order":0,"comment_status":"closed","ping_status":"closed","template":"","meta":[],"_links":{"self":[{"href":"https:\/\/www.sabine-schrage.de\/index.php?rest_route=\/wp\/v2\/pages\/294"}],"collection":[{"href":"https:\/\/www.sabine-schrage.de\/index.php?rest_route=\/wp\/v2\/pages"}],"about":[{"href":"https:\/\/www.sabine-schrage.de\/index.php?rest_route=\/wp\/v2\/types\/page"}],"author":[{"embeddable":true,"href":"https:\/\/www.sabine-schrage.de\/index.php?rest_route=\/wp\/v2\/users\/1"}],"replies":[{"embeddable":true,"href":"https:\/\/www.sabine-schrage.de\/index.php?rest_route=%2Fwp%2Fv2%2Fcomments&post=294"}],"version-history":[{"count":4,"href":"https:\/\/www.sabine-schrage.de\/index.php?rest_route=\/wp\/v2\/pages\/294\/revisions"}],"predecessor-version":[{"id":298,"href":"https:\/\/www.sabine-schrage.de\/index.php?rest_route=\/wp\/v2\/pages\/294\/revisions\/298"}],"wp:attachment":[{"href":"https:\/\/www.sabine-schrage.de\/index.php?rest_route=%2Fwp%2Fv2%2Fmedia&parent=294"}],"curies":[{"name":"wp","href":"https:\/\/api.w.org\/{rel}","templated":true}]}}