{"id":120,"date":"2020-10-03T22:23:01","date_gmt":"2020-10-03T20:23:01","guid":{"rendered":"http:\/\/www.sabine-schrage.de\/?page_id=120"},"modified":"2020-10-03T22:23:01","modified_gmt":"2020-10-03T20:23:01","slug":"impressum-kontakt","status":"publish","type":"page","link":"https:\/\/www.sabine-schrage.de\/?page_id=120","title":{"rendered":"Impressum | Kontakt"},"content":{"rendered":"\n<p>Inhaltlich verantwortlich (\u00a7 10 Absatz 3 MDStV):<\/p>\n\n\n\n<p>Sabine Schrage<br>Kasemattenstra\u00dfe 4 <br>50679 K\u00f6ln <br>+49 (0)221 . 721 20 84 <br>info@schragola.de<\/p>\n\n\n\n<p>Haftungshinweis<br>Trotz sorgf\u00e4ltiger inhaltlicher Kontrolle \u00fcbernehme ich keine Haftung f\u00fcr die Inhalte externer Links. F\u00fcr den Inhalt der verlinkten Seiten sind ausschlie\u00dflich deren Betreiber verantwortlich.<\/p>\n\n\n\n<p>\u00a9 f\u00fcr alle redaktionellen Abbildungen und Texte: Sabine Schrage <\/p>\n","protected":false},"excerpt":{"rendered":"<p>Inhaltlich verantwortlich (\u00a7 10 Absatz 3 MDStV): Sabine SchrageKasemattenstra\u00dfe 4 50679 K\u00f6ln +49 (0)221 . 721 20 84 info@schragola.de HaftungshinweisTrotz sorgf\u00e4ltiger inhaltlicher Kontrolle \u00fcbernehme ich keine Haftung f\u00fcr die Inhalte externer Links. F\u00fcr den Inhalt der verlinkten Seiten sind ausschlie\u00dflich deren Betreiber verantwortlich. \u00a9 f\u00fcr alle redaktionellen Abbildungen und Texte: Sabine Schrage<\/p>\n","protected":false},"author":1,"featured_media":0,"parent":0,"menu_order":0,"comment_status":"closed","ping_status":"closed","template":"","meta":[],"_links":{"self":[{"href":"https:\/\/www.sabine-schrage.de\/index.php?rest_route=\/wp\/v2\/pages\/120"}],"collection":[{"href":"https:\/\/www.sabine-schrage.de\/index.php?rest_route=\/wp\/v2\/pages"}],"about":[{"href":"https:\/\/www.sabine-schrage.de\/index.php?rest_route=\/wp\/v2\/types\/page"}],"author":[{"embeddable":true,"href":"https:\/\/www.sabine-schrage.de\/index.php?rest_route=\/wp\/v2\/users\/1"}],"replies":[{"embeddable":true,"href":"https:\/\/www.sabine-schrage.de\/index.php?rest_route=%2Fwp%2Fv2%2Fcomments&post=120"}],"version-history":[{"count":1,"href":"https:\/\/www.sabine-schrage.de\/index.php?rest_route=\/wp\/v2\/pages\/120\/revisions"}],"predecessor-version":[{"id":121,"href":"https:\/\/www.sabine-schrage.de\/index.php?rest_route=\/wp\/v2\/pages\/120\/revisions\/121"}],"wp:attachment":[{"href":"https:\/\/www.sabine-schrage.de\/index.php?rest_route=%2Fwp%2Fv2%2Fmedia&parent=120"}],"curies":[{"name":"wp","href":"https:\/\/api.w.org\/{rel}","templated":true}]}}